{"id":11374,"date":"2020-04-30T13:25:14","date_gmt":"2020-04-30T11:25:14","guid":{"rendered":"http:\/\/www.pr-nord.de\/newsroom_presse\/?page_id=11374"},"modified":"2024-07-17T10:37:33","modified_gmt":"2024-07-17T08:37:33","slug":"impressum","status":"publish","type":"page","link":"https:\/\/www.pr-neu.de\/newsroom\/impressum\/","title":{"rendered":"Impressum"},"content":{"rendered":"\r\n<p><strong>Verantwortlich f\u00fcr Inhalt und Bildmaterial:<\/strong><\/p>\r\n<p>pr neu &#8211; gedacht CK UG (haftungsbeschr\u00e4nkt) &amp; Co. KG<\/p>\r\n<p>Wendebr\u00fcck 2d<br \/>38110 Braunschweig<\/p>\r\n<p>Tel.: 05307 80093 80<br \/>E-Mail: <a href=\"&#x6d;&#x61;&#x69;&#108;&#116;o:&#x69;&#x6e;&#x66;&#111;&#64;pr&#x2d;&#x6e;&#x65;&#117;&#46;de\">i&#110;&#102;&#x6f;&#x40;&#x70;&#x72;-&#110;&#101;&#117;&#x2e;&#x64;&#x65;<\/a><\/p>\r\n<p>&nbsp;<\/p>\r\n<p>Handelsregister Braunschweig HRA 202487<br \/>Ust.-Nr. 13\/207\/04260<br \/>Ust.-IdNr. DE331231983<\/p>\r\n<p>&nbsp;<\/p>\r\n<p><strong>Pers\u00f6nlich haftende Gesellschafterin:<br \/><\/strong> <br \/>pr neu &#8211; gedacht UG (haftungsbeschr\u00e4nkt), <br \/>Wendebr\u00fcck 2d, 38110 Braunschweig, <br \/>Handelsregister Braunschweig HRB 208531, <br \/>Gesch\u00e4ftsf\u00fchrerin: Claudia Philipp<br \/>E-Mail: <a href=\"&#109;&#x61;&#105;&#x6c;&#116;&#x6f;&#58;&#x63;&#46;&#x70;&#104;&#x69;l&#x69;p&#x70;&#64;&#x70;r&#x2d;n&#x65;u&#46;&#x64;&#101;\">&#x63;&#46;&#x70;&#104;i&#x6c;&#105;&#x70;&#x70;&#64;&#x70;&#114;-&#x6e;&#101;&#x75;&#46;d&#x65;<\/a><\/p>\r\n<p>&nbsp;<\/p>\r\n\r\n\r\n\r\n<p><strong>Haftung f\u00fcr Inhalte<\/strong><\/p>\r\n\r\n\r\n\r\n<p>Als Diensteanbieter sind wir gem\u00e4\u00df \u00a7 7 Abs.1 TMG f\u00fcr eigene Inhalte auf diesen Seiten nach den<br \/>allgemeinen Gesetzen verantwortlich. Nach \u00a7\u00a7 8 bis 10 TMG sind wir als Diensteanbieter jedoch nicht<br \/>verpflichtet, \u00fcbermittelte oder gespeicherte fremde Informationen zu \u00fcberwachen oder nach Umst\u00e4nden<br \/>zu forschen, die auf eine rechtswidrige T\u00e4tigkeit hinweisen.<\/p>\r\n\r\n\r\n\r\n<p>Verpflichtungen zur Entfernung oder Sperrung der Nutzung von Informationen nach den allgemeinen<br \/>Gesetzen bleiben hiervon unber\u00fchrt. Eine diesbez\u00fcgliche Haftung ist jedoch erst ab dem Zeitpunkt der<br \/>Kenntnis einer konkreten Rechtsverletzung m\u00f6glich. Bei Bekanntwerden von entsprechenden<br \/>Rechtsverletzungen werden wir diese Inhalte umgehend entfernen.<\/p>\r\n\r\n\r\n\r\n<p><strong>Haftung f\u00fcr Links<\/strong><\/p>\r\n\r\n\r\n\r\n<p>Unser Angebot enth\u00e4lt Links zu externen Webseiten Dritter, auf deren Inhalte wir keinen Einfluss haben.<br \/>Deshalb k\u00f6nnen wir f\u00fcr diese fremden Inhalte auch keine Gew\u00e4hr \u00fcbernehmen. F\u00fcr die Inhalte der<br \/>verlinkten Seiten ist stets der jeweilige Anbieter oder Betreiber der Seiten verantwortlich. Die verlinkten<br \/>Seiten wurden zum Zeitpunkt der Verlinkung auf m\u00f6gliche Rechtsverst\u00f6\u00dfe \u00fcberpr\u00fcft. Rechtswidrige<br \/>Inhalte waren zum Zeitpunkt der Verlinkung nicht erkennbar.<\/p>\r\n\r\n\r\n\r\n<p>Eine permanente inhaltliche Kontrolle der verlinkten Seiten ist jedoch ohne konkrete Anhaltspunkte einer<br \/>Rechtsverletzung nicht zumutbar. Bei Bekanntwerden von Rechtsverletzungen werden wir derartige Links<br \/>umgehend entfernen.<\/p>\r\n\r\n\r\n\r\n<p><strong>Urheberrecht<\/strong><\/p>\r\n\r\n\r\n\r\n<p>Die von pr neu erstellten Inhalte und Werke auf diesen Seiten unterliegen dem deutschen<br \/>Urheberrecht. Die Vervielf\u00e4ltigung, Bearbeitung, Verbreitung und jede Art der Verwertung au\u00dferhalb der<br \/>Grenzen des Urheberrechtes bed\u00fcrfen der schriftlichen Zustimmung des jeweiligen Autors bzw.<br \/>Erstellers. Downloads und Kopien dieser Seite sind nur f\u00fcr den privaten, nicht kommerziellen Gebrauch<br \/>gestattet.<\/p>\r\n\r\n\r\n\r\n<p>Soweit die Inhalte auf dieser Seite nicht vom Betreiber erstellt wurden, werden die Urheberrechte Dritter<br \/>beachtet. Insbesondere werden Inhalte Dritter als solche gekennzeichnet. Sollten Sie trotzdem auf eine<br \/>Urheberrechtsverletzung aufmerksam werden, bitten wir um einen entsprechenden Hinweis. Bei<br \/>Bekanntwerden von Rechtsverletzungen werden wir derartige Inhalte umgehend entfernen.<\/p>\r\n\r\n\r\n\r\n<p>(Quelle: eRecht24)<\/p>\r\n","protected":false},"excerpt":{"rendered":"<p>Verantwortlich f\u00fcr Inhalt und Bildmaterial: pr neu &#8211; gedacht CK UG (haftungsbeschr\u00e4nkt) &amp; Co. KG Wendebr\u00fcck 2d38110 Braunschweig Tel.: 05307 80093 80E-Mail: i&#110;&#x66;&#x6f;&#x40;p&#114;&#x2d;&#x6e;&#x65;u&#46;&#x64;&#x65; &nbsp; Handelsregister Braunschweig HRA 202487Ust.-Nr. 13\/207\/04260Ust.-IdNr. DE331231983 &nbsp; Pers\u00f6nlich haftende Gesellschafterin: pr neu &#8211; gedacht UG (haftungsbeschr\u00e4nkt), Wendebr\u00fcck 2d, 38110 Braunschweig, Handelsregister Braunschweig HRB 208531, Gesch\u00e4ftsf\u00fchrerin: Claudia PhilippE-Mail: c&#46;philip&#112;&#64;&#112;&#114;&#45;&#110;&#101;&#117;&#46;&#100;&#x65; &nbsp; Haftung f\u00fcr [&hellip;]<\/p>\n","protected":false},"author":6,"featured_media":0,"parent":0,"menu_order":0,"comment_status":"closed","ping_status":"closed","template":"","meta":{"footnotes":""},"class_list":["post-11374","page","type-page","status-publish","hentry"],"_links":{"self":[{"href":"https:\/\/www.pr-neu.de\/newsroom\/wp-json\/wp\/v2\/pages\/11374","targetHints":{"allow":["GET"]}}],"collection":[{"href":"https:\/\/www.pr-neu.de\/newsroom\/wp-json\/wp\/v2\/pages"}],"about":[{"href":"https:\/\/www.pr-neu.de\/newsroom\/wp-json\/wp\/v2\/types\/page"}],"author":[{"embeddable":true,"href":"https:\/\/www.pr-neu.de\/newsroom\/wp-json\/wp\/v2\/users\/6"}],"replies":[{"embeddable":true,"href":"https:\/\/www.pr-neu.de\/newsroom\/wp-json\/wp\/v2\/comments?post=11374"}],"version-history":[{"count":8,"href":"https:\/\/www.pr-neu.de\/newsroom\/wp-json\/wp\/v2\/pages\/11374\/revisions"}],"predecessor-version":[{"id":16959,"href":"https:\/\/www.pr-neu.de\/newsroom\/wp-json\/wp\/v2\/pages\/11374\/revisions\/16959"}],"wp:attachment":[{"href":"https:\/\/www.pr-neu.de\/newsroom\/wp-json\/wp\/v2\/media?parent=11374"}],"curies":[{"name":"wp","href":"https:\/\/api.w.org\/{rel}","templated":true}]}}